{"id":57936,"date":"2023-02-01T15:35:10","date_gmt":"2023-02-01T15:35:10","guid":{"rendered":"https:\/\/liga7.ca\/product\/money-5000\/"},"modified":"2024-05-31T17:51:46","modified_gmt":"2024-05-31T17:51:46","slug":"money-5000","status":"publish","type":"product","link":"https:\/\/liga7.ca\/fr\/produit\/money-5000\/","title":{"rendered":"R\u00e9servation Tiers 3"},"content":{"rendered":"<ul>\n<li>24 \u00e9quipes<\/li>\n<li>2 jours de tournoi<\/li>\n<li>Inscription limite<\/li>\n<\/ul>\n","protected":false},"excerpt":{"rendered":"<p>R\u00e9servez de l&#8217;\u00e9quipe 17 \u00e0 24 et payez $1000<\/p>\n","protected":false},"featured_media":57864,"template":"","meta":[],"product_cat":[530],"product_tag":[],"class_list":{"0":"post-57936","1":"product","2":"type-product","3":"status-publish","4":"has-post-thumbnail","6":"product_cat-non-classifiee","7":"description-off","9":"first","10":"instock","11":"featured","12":"virtual","13":"sold-individually","14":"taxable","15":"purchasable","16":"product-type-simple"},"jetpack_sharing_enabled":true,"_links":{"self":[{"href":"https:\/\/liga7.ca\/fr\/wp-json\/wp\/v2\/product\/57936","targetHints":{"allow":["GET"]}}],"collection":[{"href":"https:\/\/liga7.ca\/fr\/wp-json\/wp\/v2\/product"}],"about":[{"href":"https:\/\/liga7.ca\/fr\/wp-json\/wp\/v2\/types\/product"}],"wp:featuredmedia":[{"embeddable":true,"href":"https:\/\/liga7.ca\/fr\/wp-json\/wp\/v2\/media\/57864"}],"wp:attachment":[{"href":"https:\/\/liga7.ca\/fr\/wp-json\/wp\/v2\/media?parent=57936"}],"wp:term":[{"taxonomy":"product_cat","embeddable":true,"href":"https:\/\/liga7.ca\/fr\/wp-json\/wp\/v2\/product_cat?post=57936"},{"taxonomy":"product_tag","embeddable":true,"href":"https:\/\/liga7.ca\/fr\/wp-json\/wp\/v2\/product_tag?post=57936"}],"curies":[{"name":"wp","href":"https:\/\/api.w.org\/{rel}","templated":true}]}}