{"id":57934,"date":"2023-02-02T10:21:06","date_gmt":"2023-02-02T10:21:06","guid":{"rendered":"https:\/\/liga7.ca\/product\/money-3000\/"},"modified":"2024-05-31T17:49:52","modified_gmt":"2024-05-31T17:49:52","slug":"money-3000","status":"publish","type":"product","link":"https:\/\/liga7.ca\/fr\/produit\/money-3000\/","title":{"rendered":"R\u00e9servation Tiers 2"},"content":{"rendered":"<ul>\n<li>24 \u00e9quipes<\/li>\n<li>2 jours de tournoi<\/li>\n<li>Inscription limite<\/li>\n<\/ul>\n","protected":false},"excerpt":{"rendered":"<p>R\u00e9servez de l&#8217;\u00e9quipe 9 \u00e0 16 et payez $750<\/p>\n","protected":false},"featured_media":0,"template":"","meta":[],"product_cat":[533],"product_tag":[],"class_list":{"0":"post-57934","1":"product","2":"type-product","3":"status-publish","5":"product_cat-ete","6":"pa_color-stone","7":"description-off","9":"first","10":"instock","11":"featured","12":"virtual","13":"sold-individually","14":"taxable","15":"purchasable","16":"product-type-simple"},"jetpack_sharing_enabled":true,"_links":{"self":[{"href":"https:\/\/liga7.ca\/fr\/wp-json\/wp\/v2\/product\/57934","targetHints":{"allow":["GET"]}}],"collection":[{"href":"https:\/\/liga7.ca\/fr\/wp-json\/wp\/v2\/product"}],"about":[{"href":"https:\/\/liga7.ca\/fr\/wp-json\/wp\/v2\/types\/product"}],"wp:attachment":[{"href":"https:\/\/liga7.ca\/fr\/wp-json\/wp\/v2\/media?parent=57934"}],"wp:term":[{"taxonomy":"product_cat","embeddable":true,"href":"https:\/\/liga7.ca\/fr\/wp-json\/wp\/v2\/product_cat?post=57934"},{"taxonomy":"product_tag","embeddable":true,"href":"https:\/\/liga7.ca\/fr\/wp-json\/wp\/v2\/product_tag?post=57934"}],"curies":[{"name":"wp","href":"https:\/\/api.w.org\/{rel}","templated":true}]}}