{"id":59435,"date":"2024-05-14T19:25:10","date_gmt":"2024-05-14T19:25:10","guid":{"rendered":"https:\/\/liga7.ca\/afiliation\/"},"modified":"2024-05-14T19:53:25","modified_gmt":"2024-05-14T19:53:25","slug":"afiliation","status":"publish","type":"page","link":"https:\/\/liga7.ca\/fr\/afiliation\/","title":{"rendered":"Afiliation"},"content":{"rendered":"<div class=\"wpb-content-wrapper\"><p>[vc_row][vc_column][vc_column_text css=&#8221;&#8221;]<\/p>\r\n<p>AFFILIATION<\/p>\r\n<!-- \/wp:post-content -->\r\n<p>&nbsp;<\/p>\r\n<!-- wp:quote -->\r\n<blockquote class=\"wp-block-quote\">\r\n<p>LIGA7 est accr\u00e9dit\u00e9 par la F\u00e9d\u00e9ration Internationale de Football Corporatif (FIFCO) (<a href=\"https:\/\/fifco.org\/?lang=fr\">lien ici<\/a>). Nous utilisons uniquement des arbitres accr\u00e9dit\u00e9s et affili\u00e9s \u00e0 la FIFCO.<\/p>\r\n<\/blockquote>\r\n<p>[\/vc_column_text][\/vc_column][\/vc_row]<\/p><\/div>","protected":false},"excerpt":{"rendered":"<p>[vc_row][vc_column][vc_column_text css=&#8221;&#8221;] AFFILIATION &nbsp; LIGA7 est accr\u00e9dit\u00e9 par la F\u00e9d\u00e9ration Internationale de Football Corporatif (FIFCO) (lien ici). Nous utilisons uniquement des arbitres accr\u00e9dit\u00e9s et affili\u00e9s \u00e0 la FIFCO. [\/vc_column_text][\/vc_column][\/vc_row]<\/p>\n","protected":false},"author":2,"featured_media":0,"parent":0,"menu_order":0,"comment_status":"closed","ping_status":"open","template":"","meta":{"footnotes":""},"class_list":["post-59435","page","type-page","status-publish","hentry","description-off"],"jetpack_sharing_enabled":true,"_links":{"self":[{"href":"https:\/\/liga7.ca\/fr\/wp-json\/wp\/v2\/pages\/59435","targetHints":{"allow":["GET"]}}],"collection":[{"href":"https:\/\/liga7.ca\/fr\/wp-json\/wp\/v2\/pages"}],"about":[{"href":"https:\/\/liga7.ca\/fr\/wp-json\/wp\/v2\/types\/page"}],"author":[{"embeddable":true,"href":"https:\/\/liga7.ca\/fr\/wp-json\/wp\/v2\/users\/2"}],"replies":[{"embeddable":true,"href":"https:\/\/liga7.ca\/fr\/wp-json\/wp\/v2\/comments?post=59435"}],"version-history":[{"count":3,"href":"https:\/\/liga7.ca\/fr\/wp-json\/wp\/v2\/pages\/59435\/revisions"}],"predecessor-version":[{"id":59438,"href":"https:\/\/liga7.ca\/fr\/wp-json\/wp\/v2\/pages\/59435\/revisions\/59438"}],"wp:attachment":[{"href":"https:\/\/liga7.ca\/fr\/wp-json\/wp\/v2\/media?parent=59435"}],"curies":[{"name":"wp","href":"https:\/\/api.w.org\/{rel}","templated":true}]}}