{"id":58952,"date":"2024-05-13T14:54:32","date_gmt":"2024-05-13T14:54:32","guid":{"rendered":"https:\/\/liga7.ca\/inscription\/"},"modified":"2024-06-18T15:31:05","modified_gmt":"2024-06-18T15:31:05","slug":"inscription","status":"publish","type":"page","link":"https:\/\/liga7.ca\/fr\/inscription\/","title":{"rendered":"Inscription"},"content":{"rendered":"<div class=\"wpb-content-wrapper\"><p>[vc_row][vc_column][vc_empty_space height=&#8221;70&#8243;]<div class=\"dt-fancy-separator\" style=\"width: 100%;\"><div class=\"dt-fancy-title\"><span class=\"separator-holder separator-left\"><\/span>FORMATS DES COMP\u00c9TITIONS<span class=\"separator-holder separator-right\"><\/span><\/div><\/div>[vc_empty_space height=&#8221;80&#8243;][\/vc_column][\/vc_row][vc_row gap=&#8221;5&#8243; css=&#8221;.vc_custom_1715624153557{padding-bottom: 50px !important;}&#8221;][vc_column width=&#8221;1\/4&#8243; css=&#8221;.vc_custom_1715623600445{background-color: #eaeaea !important;}&#8221;][vc_column_text css=&#8221;.vc_custom_1715702302099{padding-top: 10px !important;padding-bottom: 30px !important;}&#8221;]<\/p>\n<h3 style=\"text-align: center;\"><span style=\"color: #990505;\">\u00c9T\u00c9<\/span><\/h3>\n<p style=\"text-align: center;\"><img loading=\"lazy\" decoding=\"async\" class=\"alignnone size-medium wp-image-59366\" src=\"https:\/\/i0.wp.com\/liga7.ca\/wp-content\/uploads\/2024\/05\/Ete.png?resize=300%2C300&#038;ssl=1\" alt=\"\" width=\"300\" height=\"300\" srcset=\"https:\/\/i0.wp.com\/liga7.ca\/wp-content\/uploads\/2024\/05\/Ete.png?resize=300%2C300&amp;ssl=1 300w, https:\/\/i0.wp.com\/liga7.ca\/wp-content\/uploads\/2024\/05\/Ete.png?resize=150%2C150&amp;ssl=1 150w, https:\/\/i0.wp.com\/liga7.ca\/wp-content\/uploads\/2024\/05\/Ete.png?resize=768%2C768&amp;ssl=1 768w, https:\/\/i0.wp.com\/liga7.ca\/wp-content\/uploads\/2024\/05\/Ete.png?resize=900%2C900&amp;ssl=1 900w, https:\/\/i0.wp.com\/liga7.ca\/wp-content\/uploads\/2024\/05\/Ete.png?resize=200%2C200&amp;ssl=1 200w, https:\/\/i0.wp.com\/liga7.ca\/wp-content\/uploads\/2024\/05\/Ete.png?w=960&amp;ssl=1 960w\" sizes=\"auto, (max-width: 300px) 100vw, 300px\" data-recalc-dims=\"1\" \/><\/p>\n<p>[\/vc_column_text][vc_accordion active_tab=&#8221;0&#8243; collapsible=&#8221;yes&#8221; style=&#8221;2&#8243;][vc_accordion_tab title=&#8221;DIV 1&#8243;][vc_column_text css=&#8221;&#8221;]Saison d\u00e9bute:[\/vc_column_text][vc_empty_space height=&#8221;25&#8243;][vc_btn title=&#8221;INSCRIVEZ-VOUS&#8221; color=&#8221;danger&#8221; align=&#8221;center&#8221; css=&#8221;&#8221; link=&#8221;url:https%3A%2F%2Fliga7.ca%2Ffr%2Fproduit%2Fdiv-1-samedi%2F|title:Produits&#8221;][\/vc_accordion_tab][vc_accordion_tab title=&#8221;DIV 2&#8243;][vc_column_text css=&#8221;&#8221;]Saison d\u00e9bute:[\/vc_column_text][vc_empty_space height=&#8221;25&#8243;][vc_btn title=&#8221;INSCRIVEZ-VOUS&#8221; color=&#8221;danger&#8221; align=&#8221;center&#8221; css=&#8221;&#8221; link=&#8221;url:https%3A%2F%2Fliga7.ca%2Ffr%2F%3Fpost_type%3Dproduct%26p%3D62807%26preview%3Dtrue&#8221;][\/vc_accordion_tab][vc_accordion_tab title=&#8221;COED 1&#8243;][vc_column_text css=&#8221;&#8221;]Saison d\u00e9bute:[\/vc_column_text][vc_empty_space height=&#8221;25&#8243;][vc_btn title=&#8221;INSCRIVEZ-VOUS&#8221; color=&#8221;danger&#8221; align=&#8221;center&#8221; css=&#8221;&#8221; link=&#8221;url:https%3A%2F%2Fliga7.ca%2Ffr%2F%3Fpost_type%3Dproduct%26p%3D62810%26preview%3Dtrue&#8221;][\/vc_accordion_tab][vc_accordion_tab title=&#8221;COED 2&#8243;][vc_column_text css=&#8221;&#8221;]Saison d\u00e9bute:[\/vc_column_text][vc_empty_space height=&#8221;25&#8243;][vc_btn title=&#8221;INSCRIVEZ-VOUS&#8221; color=&#8221;danger&#8221; align=&#8221;center&#8221; css=&#8221;&#8221; link=&#8221;url:https%3A%2F%2Fliga7.ca%2Ffr%2F%3Fpost_type%3Dproduct%26p%3D62812%26preview%3Dtrue&#8221;][\/vc_accordion_tab][\/vc_accordion][vc_empty_space height=&#8221;20&#8243;][\/vc_column][vc_column width=&#8221;1\/4&#8243; css=&#8221;.vc_custom_1715623550218{background-color: #f2f2f2 !important;}&#8221;][vc_column_text css=&#8221;.vc_custom_1715702335557{padding-top: 10px !important;padding-bottom: 30px !important;}&#8221;]<\/p>\n<h3 style=\"text-align: center;\"><span style=\"color: #138dcf;\">AUTOMNE<\/span><\/h3>\n<p style=\"text-align: center;\"><img loading=\"lazy\" decoding=\"async\" class=\"alignnone size-medium wp-image-59368\" src=\"https:\/\/i0.wp.com\/liga7.ca\/wp-content\/uploads\/2024\/05\/Automne.png?resize=300%2C300&#038;ssl=1\" alt=\"\" width=\"300\" height=\"300\" srcset=\"https:\/\/i0.wp.com\/liga7.ca\/wp-content\/uploads\/2024\/05\/Automne.png?resize=300%2C300&amp;ssl=1 300w, https:\/\/i0.wp.com\/liga7.ca\/wp-content\/uploads\/2024\/05\/Automne.png?resize=150%2C150&amp;ssl=1 150w, https:\/\/i0.wp.com\/liga7.ca\/wp-content\/uploads\/2024\/05\/Automne.png?resize=768%2C768&amp;ssl=1 768w, https:\/\/i0.wp.com\/liga7.ca\/wp-content\/uploads\/2024\/05\/Automne.png?resize=900%2C900&amp;ssl=1 900w, https:\/\/i0.wp.com\/liga7.ca\/wp-content\/uploads\/2024\/05\/Automne.png?resize=200%2C200&amp;ssl=1 200w, https:\/\/i0.wp.com\/liga7.ca\/wp-content\/uploads\/2024\/05\/Automne.png?w=960&amp;ssl=1 960w\" sizes=\"auto, (max-width: 300px) 100vw, 300px\" data-recalc-dims=\"1\" \/><\/p>\n<p>[\/vc_column_text][vc_accordion active_tab=&#8221;0&#8243; collapsible=&#8221;yes&#8221; style=&#8221;2&#8243;][vc_accordion_tab title=&#8221;DIV 1&#8243;][vc_column_text css=&#8221;&#8221;]Saison d\u00e9bute:[\/vc_column_text][vc_empty_space height=&#8221;25&#8243;][vc_btn title=&#8221;INSCRIVEZ-VOUS&#8221; color=&#8221;primary&#8221; align=&#8221;center&#8221; css=&#8221;&#8221;][\/vc_accordion_tab][vc_accordion_tab title=&#8221;DIV 2&#8243;][vc_column_text css=&#8221;&#8221;]Saison d\u00e9bute:[\/vc_column_text][vc_empty_space height=&#8221;25&#8243;][vc_btn title=&#8221;INSCRIVEZ-VOUS&#8221; color=&#8221;primary&#8221; align=&#8221;center&#8221; css=&#8221;&#8221;][\/vc_accordion_tab][vc_accordion_tab title=&#8221;COED&#8221;][vc_column_text css=&#8221;&#8221;]Saison d\u00e9bute:[\/vc_column_text][vc_empty_space height=&#8221;25&#8243;][vc_btn title=&#8221;INSCRIVEZ-VOUS&#8221; color=&#8221;primary&#8221; align=&#8221;center&#8221; css=&#8221;&#8221;][\/vc_accordion_tab][\/vc_accordion][vc_empty_space height=&#8221;20&#8243;][\/vc_column][vc_column width=&#8221;1\/4&#8243; css=&#8221;.vc_custom_1715623728315{background-color: #f7f7f7 !important;}&#8221;][vc_column_text css=&#8221;.vc_custom_1715702366968{padding-top: 10px !important;padding-bottom: 30px !important;}&#8221;]<\/p>\n<h3 style=\"text-align: center;\"><span style=\"color: #135449;\">HIVER<\/span><\/h3>\n<p style=\"text-align: center;\"><img loading=\"lazy\" decoding=\"async\" class=\"alignnone size-medium wp-image-59370\" src=\"https:\/\/i0.wp.com\/liga7.ca\/wp-content\/uploads\/2024\/05\/Hiver.png?resize=300%2C300&#038;ssl=1\" alt=\"\" width=\"300\" height=\"300\" srcset=\"https:\/\/i0.wp.com\/liga7.ca\/wp-content\/uploads\/2024\/05\/Hiver.png?resize=300%2C300&amp;ssl=1 300w, https:\/\/i0.wp.com\/liga7.ca\/wp-content\/uploads\/2024\/05\/Hiver.png?resize=150%2C150&amp;ssl=1 150w, https:\/\/i0.wp.com\/liga7.ca\/wp-content\/uploads\/2024\/05\/Hiver.png?resize=768%2C768&amp;ssl=1 768w, https:\/\/i0.wp.com\/liga7.ca\/wp-content\/uploads\/2024\/05\/Hiver.png?resize=900%2C900&amp;ssl=1 900w, https:\/\/i0.wp.com\/liga7.ca\/wp-content\/uploads\/2024\/05\/Hiver.png?resize=200%2C200&amp;ssl=1 200w, https:\/\/i0.wp.com\/liga7.ca\/wp-content\/uploads\/2024\/05\/Hiver.png?w=960&amp;ssl=1 960w\" sizes=\"auto, (max-width: 300px) 100vw, 300px\" data-recalc-dims=\"1\" \/><\/p>\n<p>[\/vc_column_text][vc_accordion active_tab=&#8221;0&#8243; collapsible=&#8221;yes&#8221; style=&#8221;2&#8243;][vc_accordion_tab title=&#8221;DIV 1&#8243;][vc_column_text css=&#8221;&#8221;]Saison d\u00e9bute:[\/vc_column_text][vc_empty_space height=&#8221;25&#8243;][vc_btn title=&#8221;INSCRIVEZ-VOUS&#8221; color=&#8221;turquoise&#8221; align=&#8221;center&#8221; css=&#8221;&#8221;][\/vc_accordion_tab][vc_accordion_tab title=&#8221;DIV 2&#8243;][vc_column_text css=&#8221;&#8221;]Saison d\u00e9bute:[\/vc_column_text][vc_empty_space height=&#8221;25&#8243;][vc_btn title=&#8221;INSCRIVEZ-VOUS&#8221; color=&#8221;turquoise&#8221; align=&#8221;center&#8221; css=&#8221;&#8221;][\/vc_accordion_tab][vc_accordion_tab title=&#8221;COED&#8221;][vc_column_text css=&#8221;&#8221;]Saison d\u00e9bute:[\/vc_column_text][vc_empty_space height=&#8221;25&#8243;][vc_btn title=&#8221;INSCRIVEZ-VOUS&#8221; color=&#8221;turquoise&#8221; align=&#8221;center&#8221; css=&#8221;&#8221;][\/vc_accordion_tab][\/vc_accordion][vc_empty_space height=&#8221;20&#8243;][\/vc_column][vc_column width=&#8221;1\/4&#8243; css=&#8221;.vc_custom_1715623712010{background-color: #fcfcfc !important;}&#8221;][vc_column_text css=&#8221;.vc_custom_1715623899135{padding-top: 10px !important;padding-bottom: 30px !important;}&#8221;]<\/p>\n<h3 style=\"text-align: center;\"><span style=\"color: #ebb926;\">CASH CUP<\/span><\/h3>\n<p style=\"text-align: center;\"><img loading=\"lazy\" decoding=\"async\" class=\"alignnone size-medium wp-image-58926\" src=\"https:\/\/i0.wp.com\/liga7.ca\/wp-content\/uploads\/2024\/05\/CashCup.png?resize=300%2C300&#038;ssl=1\" alt=\"\" width=\"300\" height=\"300\" srcset=\"https:\/\/i0.wp.com\/liga7.ca\/wp-content\/uploads\/2024\/05\/CashCup.png?resize=300%2C300&amp;ssl=1 300w, https:\/\/i0.wp.com\/liga7.ca\/wp-content\/uploads\/2024\/05\/CashCup.png?resize=150%2C150&amp;ssl=1 150w, https:\/\/i0.wp.com\/liga7.ca\/wp-content\/uploads\/2024\/05\/CashCup.png?resize=768%2C768&amp;ssl=1 768w, https:\/\/i0.wp.com\/liga7.ca\/wp-content\/uploads\/2024\/05\/CashCup.png?resize=900%2C900&amp;ssl=1 900w, https:\/\/i0.wp.com\/liga7.ca\/wp-content\/uploads\/2024\/05\/CashCup.png?resize=200%2C200&amp;ssl=1 200w, https:\/\/i0.wp.com\/liga7.ca\/wp-content\/uploads\/2024\/05\/CashCup.png?w=960&amp;ssl=1 960w\" sizes=\"auto, (max-width: 300px) 100vw, 300px\" data-recalc-dims=\"1\" \/><\/p>\n<p>[\/vc_column_text][vc_accordion active_tab=&#8221;0&#8243; collapsible=&#8221;yes&#8221; style=&#8221;2&#8243;][vc_accordion_tab title=&#8221;R\u00e9servation Tiers 1&#8243;][vc_column_text css=&#8221;&#8221;]Les 8 premi\u00e8res \u00e9quipes payent seulement $500![\/vc_column_text][vc_empty_space height=&#8221;25&#8243;][vc_btn title=&#8221;INSCRIVEZ-VOUS&#8221; color=&#8221;orange&#8221; align=&#8221;center&#8221; css=&#8221;&#8221; link=&#8221;url:https%3A%2F%2Fliga7.ca%2Ffr%2Fproduit%2Fmoney-1500%2F|&#8221;][\/vc_accordion_tab][vc_accordion_tab title=&#8221;R\u00e9servation Tiers 2&#8243;][vc_column_text css=&#8221;&#8221;]De l&#8217;\u00e9quipe 9 \u00e0 16, vous payez $750[\/vc_column_text][vc_empty_space height=&#8221;25&#8243;][vc_btn title=&#8221;INSCRIVEZ-VOUS&#8221; color=&#8221;orange&#8221; align=&#8221;center&#8221; css=&#8221;&#8221; link=&#8221;url:https%3A%2F%2Fliga7.ca%2Ffr%2Fproduit%2Fmoney-3000%2F|&#8221;][\/vc_accordion_tab][vc_accordion_tab title=&#8221;R\u00e9servation Tiers 3&#8243;][vc_column_text css=&#8221;&#8221;]De l&#8217;\u00e9quipe 17 \u00e0 24, vous payez $1000[\/vc_column_text][vc_empty_space height=&#8221;25&#8243;][vc_btn title=&#8221;INSCRIVEZ-VOUS&#8221; color=&#8221;orange&#8221; align=&#8221;center&#8221; css=&#8221;&#8221; link=&#8221;url:https%3A%2F%2Fliga7.ca%2Ffr%2Fproduit%2Fmoney-5000%2F|&#8221;][\/vc_accordion_tab][\/vc_accordion][vc_empty_space height=&#8221;20&#8243;][\/vc_column][\/vc_row][vc_row][vc_column][vc_empty_space][\/vc_column][\/vc_row][vc_row][vc_column][vc_btn title=&#8221;TEST&#8221; color=&#8221;danger&#8221; align=&#8221;center&#8221; css=&#8221;&#8221; link=&#8221;url:https%3A%2F%2Fliga7.ca%2Fproduit%2Ftest%2F|title:Produits&#8221;][\/vc_column][\/vc_row]<\/p>\n<\/div>","protected":false},"excerpt":{"rendered":"<p>[vc_row][vc_column][vc_empty_space height=&#8221;70&#8243;][vc_empty_space height=&#8221;80&#8243;][\/vc_column][\/vc_row][vc_row gap=&#8221;5&#8243; css=&#8221;.vc_custom_1715624153557{padding-bottom: 50px !important;}&#8221;][vc_column width=&#8221;1\/4&#8243; css=&#8221;.vc_custom_1715623600445{background-color: #eaeaea !important;}&#8221;][vc_column_text css=&#8221;.vc_custom_1715702302099{padding-top: 10px !important;padding-bottom: 30px !important;}&#8221;] \u00c9T\u00c9 [\/vc_column_text][vc_accordion active_tab=&#8221;0&#8243; collapsible=&#8221;yes&#8221; style=&#8221;2&#8243;][vc_accordion_tab title=&#8221;DIV 1&#8243;][vc_column_text css=&#8221;&#8221;]Saison d\u00e9bute:[\/vc_column_text][vc_empty_space height=&#8221;25&#8243;][vc_btn title=&#8221;INSCRIVEZ-VOUS&#8221; color=&#8221;danger&#8221; align=&#8221;center&#8221; css=&#8221;&#8221; link=&#8221;url:https%3A%2F%2Fliga7.ca%2Ffr%2Fproduit%2Fdiv-1-samedi%2F|title:Produits&#8221;][\/vc_accordion_tab][vc_accordion_tab title=&#8221;DIV 2&#8243;][vc_column_text css=&#8221;&#8221;]Saison d\u00e9bute:[\/vc_column_text][vc_empty_space height=&#8221;25&#8243;][vc_btn title=&#8221;INSCRIVEZ-VOUS&#8221; color=&#8221;danger&#8221; align=&#8221;center&#8221; css=&#8221;&#8221; link=&#8221;url:https%3A%2F%2Fliga7.ca%2Ffr%2F%3Fpost_type%3Dproduct%26p%3D62807%26preview%3Dtrue&#8221;][\/vc_accordion_tab][vc_accordion_tab title=&#8221;COED 1&#8243;][vc_column_text css=&#8221;&#8221;]Saison d\u00e9bute:[\/vc_column_text][vc_empty_space height=&#8221;25&#8243;][vc_btn title=&#8221;INSCRIVEZ-VOUS&#8221; color=&#8221;danger&#8221; align=&#8221;center&#8221; css=&#8221;&#8221; link=&#8221;url:https%3A%2F%2Fliga7.ca%2Ffr%2F%3Fpost_type%3Dproduct%26p%3D62810%26preview%3Dtrue&#8221;][\/vc_accordion_tab][vc_accordion_tab title=&#8221;COED 2&#8243;][vc_column_text css=&#8221;&#8221;]Saison d\u00e9bute:[\/vc_column_text][vc_empty_space&hellip;<\/p>\n","protected":false},"author":2,"featured_media":0,"parent":0,"menu_order":110,"comment_status":"closed","ping_status":"closed","template":"","meta":{"footnotes":""},"class_list":["post-58952","page","type-page","status-publish","hentry","description-off"],"jetpack_sharing_enabled":true,"_links":{"self":[{"href":"https:\/\/liga7.ca\/fr\/wp-json\/wp\/v2\/pages\/58952","targetHints":{"allow":["GET"]}}],"collection":[{"href":"https:\/\/liga7.ca\/fr\/wp-json\/wp\/v2\/pages"}],"about":[{"href":"https:\/\/liga7.ca\/fr\/wp-json\/wp\/v2\/types\/page"}],"author":[{"embeddable":true,"href":"https:\/\/liga7.ca\/fr\/wp-json\/wp\/v2\/users\/2"}],"replies":[{"embeddable":true,"href":"https:\/\/liga7.ca\/fr\/wp-json\/wp\/v2\/comments?post=58952"}],"version-history":[{"count":15,"href":"https:\/\/liga7.ca\/fr\/wp-json\/wp\/v2\/pages\/58952\/revisions"}],"predecessor-version":[{"id":63730,"href":"https:\/\/liga7.ca\/fr\/wp-json\/wp\/v2\/pages\/58952\/revisions\/63730"}],"wp:attachment":[{"href":"https:\/\/liga7.ca\/fr\/wp-json\/wp\/v2\/media?parent=58952"}],"curies":[{"name":"wp","href":"https:\/\/api.w.org\/{rel}","templated":true}]}}